{"id":19,"date":"2023-10-04T22:00:09","date_gmt":"2023-10-04T20:00:09","guid":{"rendered":"http:\/\/cms.milbertshofener-buehne.de\/?page_id=19"},"modified":"2025-10-01T18:44:46","modified_gmt":"2025-10-01T16:44:46","slug":"programm","status":"publish","type":"page","link":"https:\/\/www.milbertshofener-buehne.de\/?page_id=19","title":{"rendered":"Unser Theaterst\u00fcck im November 2025"},"content":{"rendered":"<h1 align=\"center\">\u201eDie Mafia ist \u00fcberall\u201c<\/h1>\n<p align=\"center\">eine Kom\u00f6die in drei Akten von Monika Szabady<\/p>\n<p align=\"center\">Bayerische Bearbeitung: Wigg Wimmer<\/p>\n<h3 align=\"center\">Inhalt:<\/h3>\n<p>Im Pfarrhaus fehlt bereits seit L\u00e4ngerem eine Haush\u00e4lterin. Als mit Frau Bunt endlich eine gefunden wird, beginnt eine turbulente Zeit. Sie ist n\u00e4mlich leidenschaftliche Hobby-Kriminalistin. Unterst\u00fctzung findet sie bei der Dorfratschn Elfriede Paulus. Gemeinsam vermuten die beiden bereits nach wenigen Tagen, dass der gute Pfarrer Gustav Endlich in Wahrheit ein Ober-Mafiosi ist. Auch dessen bester Freund, Doktor Jeremias Gutekunst, erscheint sehr mysteri\u00f6s. Nachdem ein schwarzgekleideter Mann im Pfarrhaus ein- und ausgeht, sind sich die beiden Damen endg\u00fcltig sicher. Die pl\u00f6tzlich aufgetauchte &#8222;Nichte&#8220;, die zu beiden M\u00e4nnern &#8222;Onkel&#8220; sagt, wirft weitere Fragen auf. Nun soll die Polizei helfen, Licht ins Dunkel zu bringen. Die Mafia im Pfarrhaus? Wohl doch eher unwahrscheinlich &#8211; oder?<\/p>\n<h3 align=\"center\">Regie, Spiel- &amp; Gesamtleitung:<\/h3>\n<p align=\"center\">Stephan Henneberger<\/p>\n<h3 align=\"center\">Personen<\/h3>\n<p align=\"center\">Gustav Endlich \u2013 Philipp St\u00fcrminger<\/p>\n<p align=\"center\">Dr. Jeremias Gutekunst \u2013 Stephan Henneberger<\/p>\n<p align=\"center\">Johanna Bunt \u2013 Melanie Steiner<\/p>\n<p align=\"center\">Elfriede Paulus \u2013 Gabi Pl\u00f6ckl<\/p>\n<p align=\"center\">Peter Schnell \u2013 Markus Kirner<\/p>\n<p align=\"center\">Anette Mai \u2013 Carmen Rings<\/p>\n<p align=\"center\">Heinz Hitzig \u2013 Markus Wittemann<\/p>\n<p align=\"center\">Harri Hilfspolizist &#8211; Georg Hartl<\/p>\n<p align=\"center\">Eva Engel \u2013 Susann Brisch<\/p>\n<p align=\"center\">Giovanni Teco \u2013 Martin Steiner<\/p>\n<p align=\"center\">Souffleuse (Einsagerin) \u2013 Pauline Henneberger<\/p>\n<h3 align=\"center\">B\u00fchnenbau:<\/h3>\n<p style=\"text-align: center;\">Stephan Henneberger, Markus Kirner<\/p>\n<p style=\"text-align: center;\">Dank an das Team<\/p>\n<h3 align=\"center\">Licht &amp; Ton:<\/h3>\n<p align=\"center\">Marcus Steiner mit Assistenz<\/p>\n<h3 align=\"center\">Maske:<\/h3>\n<p align=\"center\">Pauline Henneberger &amp; Team<\/p>\n<h3 style=\"text-align: center;\">Auff\u00fchrungstermine 2025:<\/h3>\n<div style=\"text-align: center;\">\n<table id=\"tablepress-6\" class=\"tablepress tablepress-id-6\">\n<tbody class=\"row-striping row-hover\">\n<tr class=\"row-1\">\n\t<td class=\"column-1\">Sonntag 02.11.25<\/td><td class=\"column-2\">um 16:00 Uhr<\/td>\n<\/tr>\n<tr class=\"row-2\">\n\t<td class=\"column-1\">Freitag 07.11.25<\/td><td class=\"column-2\">um 19:30 Uhr<\/td>\n<\/tr>\n<tr class=\"row-3\">\n\t<td class=\"column-1\">Samstag 08.11.25<\/td><td class=\"column-2\">um 19:30 Uhr<\/td>\n<\/tr>\n<tr class=\"row-4\">\n\t<td class=\"column-1\">Sonntag 09.11.25<\/td><td class=\"column-2\">um 16:00 Uhr<\/td>\n<\/tr>\n<tr class=\"row-5\">\n\t<td class=\"column-1\">Freitag 14.11.25<\/td><td class=\"column-2\">um 19:30 Uhr<\/td>\n<\/tr>\n<tr class=\"row-6\">\n\t<td class=\"column-1\">Samstag 15.11.25<\/td><td class=\"column-2\">um 19:30 Uhr<\/td>\n<\/tr>\n<\/tbody>\n<\/table>\n<!-- #tablepress-6 from cache --><\/div>\n<h3 style=\"text-align: center;\"><b>JETZT KARTEN RESERVIEREN<\/b><\/h3>\n<p>Medizinisch erwiesen ist Lachen \u00e4u\u00dferst gesund, genie\u00dft diese Medizin bei uns in vollen Z\u00fcgen. Wir freuen uns auf Euren Besuch und w\u00fcnschen Euch viel Spa\u00df und gute Unterhaltung.<\/p>\n","protected":false},"excerpt":{"rendered":"<p>\u201eDie Mafia ist \u00fcberall\u201c eine Kom\u00f6die in drei Akten von Monika Szabady Bayerische Bearbeitung: Wigg Wimmer Inhalt: Im Pfarrhaus fehlt bereits seit L\u00e4ngerem eine Haush\u00e4lterin. Als mit Frau Bunt endlich eine gefunden wird, beginnt eine turbulente Zeit. Sie ist n\u00e4mlich leidenschaftliche Hobby-Kriminalistin. Unterst\u00fctzung findet sie bei der Dorfratschn Elfriede Paulus. Gemeinsam vermuten die beiden bereits [&hellip;]<\/p>\n","protected":false},"author":1,"featured_media":0,"parent":0,"menu_order":0,"comment_status":"closed","ping_status":"closed","template":"","meta":{"footnotes":""},"class_list":["post-19","page","type-page","status-publish","hentry"],"_links":{"self":[{"href":"https:\/\/www.milbertshofener-buehne.de\/index.php?rest_route=\/wp\/v2\/pages\/19","targetHints":{"allow":["GET"]}}],"collection":[{"href":"https:\/\/www.milbertshofener-buehne.de\/index.php?rest_route=\/wp\/v2\/pages"}],"about":[{"href":"https:\/\/www.milbertshofener-buehne.de\/index.php?rest_route=\/wp\/v2\/types\/page"}],"author":[{"embeddable":true,"href":"https:\/\/www.milbertshofener-buehne.de\/index.php?rest_route=\/wp\/v2\/users\/1"}],"replies":[{"embeddable":true,"href":"https:\/\/www.milbertshofener-buehne.de\/index.php?rest_route=%2Fwp%2Fv2%2Fcomments&post=19"}],"version-history":[{"count":44,"href":"https:\/\/www.milbertshofener-buehne.de\/index.php?rest_route=\/wp\/v2\/pages\/19\/revisions"}],"predecessor-version":[{"id":3484,"href":"https:\/\/www.milbertshofener-buehne.de\/index.php?rest_route=\/wp\/v2\/pages\/19\/revisions\/3484"}],"wp:attachment":[{"href":"https:\/\/www.milbertshofener-buehne.de\/index.php?rest_route=%2Fwp%2Fv2%2Fmedia&parent=19"}],"curies":[{"name":"wp","href":"https:\/\/api.w.org\/{rel}","templated":true}]}}