{"id":22,"date":"2017-07-14T16:17:09","date_gmt":"2017-07-14T14:17:09","guid":{"rendered":"http:\/\/cms.milbertshofener-buehne.de\/?page_id=22"},"modified":"2025-08-06T20:53:11","modified_gmt":"2025-08-06T18:53:11","slug":"saal","status":"publish","type":"page","link":"https:\/\/www.milbertshofener-buehne.de\/?page_id=22","title":{"rendered":"Der Theatersaal"},"content":{"rendered":"<p style=\"text-align: left;\">Unser Theatersaal befindet sich im Pfarrsaal der Pfarrgermeinde St. Georg am <strong>Milbertshofener Platz 2, 80809 M\u00fcnchen<\/strong>, wo wir mit freundlicher Genehmigung der Pfarreiverwaltung unsere Theaterst\u00fccke im November auff\u00fchren d\u00fcrfen.<\/p>\n<p>Der Zugang zu Saal und WC ist weiterhin barrierefrei.<\/p>\n<p>&nbsp;<\/p>\n<p>&nbsp;<\/p>\n<p>Bilder unserer neuen Spielst\u00e4tte folgen bald.<\/p>\n<p>&nbsp;<\/p>\n","protected":false},"excerpt":{"rendered":"<p>Unser Theatersaal befindet sich im Pfarrsaal der Pfarrgermeinde St. Georg am Milbertshofener Platz 2, 80809 M\u00fcnchen, wo wir mit freundlicher Genehmigung der Pfarreiverwaltung unsere Theaterst\u00fccke im November auff\u00fchren d\u00fcrfen. Der Zugang zu Saal und WC ist weiterhin barrierefrei. &nbsp; &nbsp; Bilder unserer neuen Spielst\u00e4tte folgen bald. &nbsp;<\/p>\n","protected":false},"author":1,"featured_media":0,"parent":0,"menu_order":0,"comment_status":"closed","ping_status":"closed","template":"","meta":{"footnotes":""},"class_list":["post-22","page","type-page","status-publish","hentry"],"_links":{"self":[{"href":"https:\/\/www.milbertshofener-buehne.de\/index.php?rest_route=\/wp\/v2\/pages\/22","targetHints":{"allow":["GET"]}}],"collection":[{"href":"https:\/\/www.milbertshofener-buehne.de\/index.php?rest_route=\/wp\/v2\/pages"}],"about":[{"href":"https:\/\/www.milbertshofener-buehne.de\/index.php?rest_route=\/wp\/v2\/types\/page"}],"author":[{"embeddable":true,"href":"https:\/\/www.milbertshofener-buehne.de\/index.php?rest_route=\/wp\/v2\/users\/1"}],"replies":[{"embeddable":true,"href":"https:\/\/www.milbertshofener-buehne.de\/index.php?rest_route=%2Fwp%2Fv2%2Fcomments&post=22"}],"version-history":[{"count":19,"href":"https:\/\/www.milbertshofener-buehne.de\/index.php?rest_route=\/wp\/v2\/pages\/22\/revisions"}],"predecessor-version":[{"id":3470,"href":"https:\/\/www.milbertshofener-buehne.de\/index.php?rest_route=\/wp\/v2\/pages\/22\/revisions\/3470"}],"wp:attachment":[{"href":"https:\/\/www.milbertshofener-buehne.de\/index.php?rest_route=%2Fwp%2Fv2%2Fmedia&parent=22"}],"curies":[{"name":"wp","href":"https:\/\/api.w.org\/{rel}","templated":true}]}}