{"id":23,"date":"2017-07-14T16:17:09","date_gmt":"2017-07-14T14:17:09","guid":{"rendered":"http:\/\/cms.milbertshofener-buehne.de\/?page_id=23"},"modified":"2017-07-15T11:01:33","modified_gmt":"2017-07-15T09:01:33","slug":"guestbook","status":"publish","type":"page","link":"https:\/\/www.milbertshofener-buehne.de\/?page_id=23","title":{"rendered":"G\u00e4stebuch"},"content":{"rendered":"<div class=\"gwolle-gb\"><div class=\"gwolle-gb-messages-top-container\"><\/div>\n\t\t\t<div class=\"gwolle-gb-write-button\">\n\t\t\t\t<input type=\"button\" name=\"gwolle-gb-write-button\" class=\"button btn btn-default \" value=\"Neuen Eintrag schreiben\" aria-expanded=\"false\" \/>\n\t\t\t<\/div>\n\t\t\t<form action=\"#\" method=\"POST\" class=\"gwolle-gb-write gwolle-gb-hide gwolle-gb-float gwolle-gb-form-ajax gwolle-gb-ajax gwolle-gb-not-logged-in\">\n\t\t\t\t<h3>Einen neuen Eintrag f\u00fcr das G\u00e4stebuch schreiben<\/h3>\n\t\t\t\t<button type=\"button\" class=\"gb-notice-dismiss\">x<span class=\"screen-reader-text\">Dieses Formular ausblenden<\/span><\/button>\n\t\t\t\n\t\t\t\t<input type=\"hidden\" name=\"gwolle_gb_function\" class=\"gwolle_gb_function\" value=\"add_entry\" \/><input type=\"hidden\" name=\"gwolle_gb_book_id\" class=\"gwolle_gb_book_id\" value=\"1\" \/><div class=\"gwolle_gb_73eb9834348cfbb85802e34eddab9660\">\n\t\t\t\t<div class=\"label\"><label for=\"gwolle_gb_73eb9834348cfbb85802e34eddab9660-1\" class=\"text-info\">Name <span class=\"required\">*<\/span><\/label><\/div>\n\t\t\t\t<div class=\"input\"><input class=\"wp-exclude-emoji gwolle_gb_73eb9834348cfbb85802e34eddab9660\" value=\"\" type=\"text\" id=\"gwolle_gb_73eb9834348cfbb85802e34eddab9660-1\" name=\"gwolle_gb_73eb9834348cfbb85802e34eddab9660\" required \/><\/div>\n\t\t\t\t<div class=\"clearBoth\">&nbsp;<\/div>\n\t\t\t<\/div>\n\t\t\t<div class=\"gwolle_gb_d67778ae07245714b591e6e9a642ffbb\" style=\"display:none;overflow:hidden;\" hidden=\"true\" aria-hidden=\"true\">\n\t\t\t\t<div class=\"label\">\n\t\t\t\t\t<label for=\"gwolle_gb_d67778ae07245714b591e6e9a642ffbb-1\" class=\"text-primary\">Hier nichts eingeben<\/label>\n\t\t\t\t\t<label for=\"gwolle_gb_9f5262756658deb8a6abcad47b6afdf0-1\" class=\"text-primary\">Hier nichts eingeben<\/label>\n\t\t\t\t<\/div>\n\t\t\t\t<div class=\"input\">\n\t\t\t\t\t<input value=\"53\" type=\"text\" id=\"gwolle_gb_d67778ae07245714b591e6e9a642ffbb-1\" name=\"gwolle_gb_d67778ae07245714b591e6e9a642ffbb\" class=\"gwolle_gb_d67778ae07245714b591e6e9a642ffbb\" style=\"transform: translateY(10000px);\" \/>\n\t\t\t\t\t<input value=\"\" type=\"text\" name=\"gwolle_gb_9f5262756658deb8a6abcad47b6afdf0\" id=\"gwolle_gb_9f5262756658deb8a6abcad47b6afdf0-1\" class=\"gwolle_gb_9f5262756658deb8a6abcad47b6afdf0\" style=\"transform: translateY(10000px);\" \/>\n\t\t\t\t<\/div>\n\t\t\t\t<div class=\"clearBoth\"><\/div>\n\t\t\t<\/div>\n\t\t\t<div class=\"gwolle_gb_c3dc9812d29ee190b5499ff00ed66d46\" style=\"display:none;overflow:hidden;\" hidden=\"true\" aria-hidden=\"true\">\n\t\t\t\t<div class=\"label\">\n\t\t\t\t\t<label for=\"gwolle_gb_c3dc9812d29ee190b5499ff00ed66d46-1\" class=\"text-primary\">Hier nichts eingeben<\/label>\n\t\t\t\t\t<label for=\"gwolle_gb_5424bd25a74b4b5dc607662788120eed-1\" class=\"text-primary\">Hier nichts eingeben<\/label>\n\t\t\t\t<\/div>\n\t\t\t\t<div class=\"input\">\n\t\t\t\t\t<input value=\"88910\" type=\"text\" id=\"gwolle_gb_c3dc9812d29ee190b5499ff00ed66d46-1\" name=\"gwolle_gb_c3dc9812d29ee190b5499ff00ed66d46\" class=\"gwolle_gb_c3dc9812d29ee190b5499ff00ed66d46\" style=\"transform: translateY(10000px);\" \/>\n\t\t\t\t\t<input value=\"88910\" type=\"text\"id=\"gwolle_gb_5424bd25a74b4b5dc607662788120eed-1\" name=\"gwolle_gb_5424bd25a74b4b5dc607662788120eed\" class=\"gwolle_gb_5424bd25a74b4b5dc607662788120eed\" style=\"transform: translateY(10000px);\" \/>\n\t\t\t\t<\/div>\n\t\t\t\t<div class=\"clearBoth\"><\/div>\n\t\t\t<\/div><div class=\"gwolle_gb_content\">\n\t\t\t\t<div class=\"label\"><label for=\"gwolle_gb_content-1\" class=\"text-info\">G\u00e4stebucheintrag <span class=\"required\">*<\/span><\/label><\/div>\n\t\t\t\t<div class=\"input\"><textarea id=\"gwolle_gb_content-1\" name=\"gwolle_gb_content\" class=\"gwolle_gb_content wp-exclude-emoji\" required ><\/textarea><\/div>\n\t\t\t\t\t<div class=\"clearBoth\">&nbsp;<\/div>\n\t\t\t\t<\/div>\n\t\t\t\t<div class=\"gwolle_gb_privacy gwolle-gb-privacy\">\n\t\t\t\t\t<div class=\"label\"><label for=\"gwolle_gb_privacy-1\" class=\"text-info\">I accept the <a href=\"https:\/\/www.milbertshofener-buehne.de\/?page_id=2772\" title=\"Datenschutzerk\u00e4rung lesen\" target=\"_blank\">Privacy Policy<\/a> <span class=\"required\">*<\/span><\/label><\/div>\n\t\t\t\t\t<div class=\"input\"><input type=\"checkbox\" id=\"gwolle_gb_privacy-1\" name=\"gwolle_gb_privacy\" class=\"gwolle_gb_privacy\" required \/><\/div>\n\t\t\t\t\t<div class=\"clearBoth\">&nbsp;<\/div>\n\t\t\t\t<\/div><input type=\"hidden\" class=\"gwolle_gb_212c5765756accc644a8090af91a7c55\" id=\"gwolle_gb_212c5765756accc644a8090af91a7c55-1\" name=\"gwolle_gb_212c5765756accc644a8090af91a7c55\" value=\"b9f34fbb6c\" \/>\n\t\t\t<div class=\"gwolle-gb-messages-bottom-container\"><\/div>\n\n\t\t\t<noscript><div class=\"no-js\">Warnung: Dieses Formular kann nur verwendet werden, wenn in deinem Browser JavaScript aktiviert ist.<\/div><\/noscript>\n\n\t\t\t<div class=\"gwolle_gb_submit gwolle-gb-submit\">\n\t\t\t\t<div class=\"label gwolle-gb-invisible text-muted\">&nbsp;<\/div>\n\t\t\t\t<div class=\"input\">\n\t\t\t\t\t<input type=\"submit\" name=\"gwolle_gb_submit\" class=\"gwolle_gb_submit button btn btn-primary \" value=\"Absenden\" \/>\n\t\t\t\t\t<span class=\"gwolle_gb_submit_ajax_icon gwolle-gb-submit-ajax-icon\"><\/span>\n\t\t\t\n\t\t\t\t<\/div>\n\t\t\t\t<div class=\"clearBoth\">&nbsp;<\/div>\n\t\t\t<\/div>\n\n\t\t\t<div class=\"gwolle_gb_notice gwolle-gb-notice\">\n\t\t\t\tMit * gekennzeichnete Felder sind Pflichtfelder.<br \/>\r\n<br \/>\r\nEs k\u00f6nnte sein, dass der Eintrag im G\u00e4stebuch erst sichtbar ist, nachdem wir ihn gepr\u00fcft haben.<br \/>\r\n<br \/>\r\nWir behalten uns das Recht vor, Eintr\u00e4ge zu bearbeiten, zu l\u00f6schen oder Eintr\u00e4ge nicht zu ver\u00f6ffentlichen.\n\t\t\t<\/div><\/form><div class=\"gwolle-gb-read gwolle-gb-ajax gwolle-gb-entries-list\" data-book_id=\"1\" data-page_id=\"1\">\n\t\t<div id=\"gwolle-gb-total\" class=\"gwolle-gb-total\">18 Eintr\u00e4ge<\/div><!-- Gwolle-GB Entry: Default Template Loaded -->\n\t\t\t\t<div class=\"gb-entry gb-entry_22 gb-entry-count_1 gwolle-gb-uneven gwolle-gb-first\" id=\"gb-entry_22\" data-entry_id=\"22\">\n\t\t\t\t<article>\n\t\t\t\t\t<div class=\"gb-author-info\">\n\t\t\t\t\t\t<span class=\"gb-author-name\">Regina\n\t\t\t\t\t\t<\/span>\n\t\t\t\t\t\t<span class=\"gb-datetime\">\n\t\t\t\t\t\t\t<span class=\"gb-date\"><span class=\"gb-date-wrote-text\"> schrieb am<\/span><span class=\"gb-date-text\"> 10. November 2025<\/span>\n\t\t\t\t\t\t\t<\/span>\n\t\t\t\t\t\t<\/span> \n\t\t\t\t\t<\/div>\n\t\t\t\t\t<div class=\"gb-entry-content\">Liebe Buehne wir hatten wieder einen unterhaltsamen Abend mit euch .Vielen Dank daf\u00fcr. Das St\u00fcck war spannend bis zum Schluss. Eure neuen waren auch sehr gut. <br \/>\nViele Gr\u00fc\u00dfe an alle,eure treuen Freunde. Regina, Gerhard mit alle treuen Fans\n\t\t\t\t\t<\/div>\n\t\t\t\t<\/article>\n\t\t\t<\/div>\n\t\t\t<div class=\"gb-entry gb-entry_21 gb-entry-count_2 gwolle-gb-even\" id=\"gb-entry_21\" data-entry_id=\"21\">\n\t\t\t\t<article>\n\t\t\t\t\t<div class=\"gb-author-info\">\n\t\t\t\t\t\t<span class=\"gb-author-name\">Vladimir\n\t\t\t\t\t\t<\/span>\n\t\t\t\t\t\t<span class=\"gb-datetime\">\n\t\t\t\t\t\t\t<span class=\"gb-date\"><span class=\"gb-date-wrote-text\"> schrieb am<\/span><span class=\"gb-date-text\"> 19. November 2024<\/span>\n\t\t\t\t\t\t\t<\/span>\n\t\t\t\t\t\t<\/span> \n\t\t\t\t\t<\/div>\n\t\t\t\t\t<div class=\"gb-entry-content\">Hallo,<br \/>\n<br \/>\nWir bieten Hypothekendarlehen f\u00fcr Personen an, die an einem g\u00fcnstigeren Zinssatz als 5 % j\u00e4hrlich interessiert sind. Kontaktieren Sie uns \u00fcber unsere offizielle E-Mail-Adresse: info.mortgage@interia.eu<br \/>\n<br \/>\nVladimir Petrovic<br \/>\n<br \/>\nFinanzielle Hypothek beantragen\n\t\t\t\t\t<\/div>\n\t\t\t\t<\/article>\n\t\t\t<\/div>\n\t\t\t<div class=\"gb-entry gb-entry_20 gb-entry-count_3 gwolle-gb-uneven\" id=\"gb-entry_20\" data-entry_id=\"20\">\n\t\t\t\t<article>\n\t\t\t\t\t<div class=\"gb-author-info\">\n\t\t\t\t\t\t<span class=\"gb-author-name\">Regina\n\t\t\t\t\t\t<\/span>\n\t\t\t\t\t\t<span class=\"gb-datetime\">\n\t\t\t\t\t\t\t<span class=\"gb-date\"><span class=\"gb-date-wrote-text\"> schrieb am<\/span><span class=\"gb-date-text\"> 11. November 2023<\/span>\n\t\t\t\t\t\t\t<\/span>\n\t\t\t\t\t\t<\/span> \n\t\t\t\t\t<\/div>\n\t\t\t\t\t<div class=\"gb-entry-content\">Liebe B\u00fcne eure Premiere war wieder super. Wir haben uns k\u00f6stlich am\u00fcsiert. Eure  neuen waren toll. Ganz liebe Gr\u00fc\u00dfe an die Susi und recht gute und baldige Besserung. Wir freuen uns schon auf das n\u00e4chste Jahr. Eure treuen Fans.\n\t\t\t\t\t<\/div>\n\t\t\t\t<\/article>\n\t\t\t<\/div>\n\t\t\t<div class=\"gb-entry gb-entry_19 gb-entry-count_4 gwolle-gb-even\" id=\"gb-entry_19\" data-entry_id=\"19\">\n\t\t\t\t<article>\n\t\t\t\t\t<div class=\"gb-author-info\">\n\t\t\t\t\t\t<span class=\"gb-author-name\">Stephan Henneberger\n\t\t\t\t\t\t<\/span>\n\t\t\t\t\t\t<span class=\"gb-datetime\">\n\t\t\t\t\t\t\t<span class=\"gb-date\"><span class=\"gb-date-wrote-text\"> schrieb am<\/span><span class=\"gb-date-text\"> 5. Oktober 2023<\/span>\n\t\t\t\t\t\t\t<\/span>\n\t\t\t\t\t\t<\/span> \n\t\t\t\t\t<\/div>\n\t\t\t\t\t<div class=\"gb-entry-content\">Es geht wieder los.<br \/>\nSagt es weiter und <br \/>\nlasst Euch \u00fcberraschen.\n\t\t\t\t\t<\/div>\n\t\t\t\t<\/article>\n\t\t\t<\/div>\n\t\t\t<div class=\"gb-entry gb-entry_18 gb-entry-count_5 gwolle-gb-uneven\" id=\"gb-entry_18\" data-entry_id=\"18\">\n\t\t\t\t<article>\n\t\t\t\t\t<div class=\"gb-author-info\">\n\t\t\t\t\t\t<span class=\"gb-author-name\">Stephan\n\t\t\t\t\t\t<\/span>\n\t\t\t\t\t\t<span class=\"gb-datetime\">\n\t\t\t\t\t\t\t<span class=\"gb-date\"><span class=\"gb-date-wrote-text\"> schrieb am<\/span><span class=\"gb-date-text\"> 10. Juli 2021<\/span>\n\t\t\t\t\t\t\t<\/span>\n\t\t\t\t\t\t<\/span> \n\t\t\t\t\t<\/div>\n\t\t\t\t\t<div class=\"gb-entry-content\">Leider fallen heuer die Vorstellungen, Pandemie-Bedingt, wieder aus. Das Hygiene und L\u00fcftungskonzept ist nicht einzuhalten. <br \/>\nWir hoffen auf den Herbst 2022.<br \/>\nLiebe Gr\u00fc\u00dfe an alle<br \/>\nStephan\n\t\t\t\t\t<\/div>\n\t\t\t\t<\/article>\n\t\t\t<\/div>\n\t\t\t<div class=\"gb-entry gb-entry_17 gb-entry-count_6 gwolle-gb-even\" id=\"gb-entry_17\" data-entry_id=\"17\">\n\t\t\t\t<article>\n\t\t\t\t\t<div class=\"gb-author-info\">\n\t\t\t\t\t\t<span class=\"gb-author-name\">asdas\n\t\t\t\t\t\t<\/span>\n\t\t\t\t\t\t<span class=\"gb-datetime\">\n\t\t\t\t\t\t\t<span class=\"gb-date\"><span class=\"gb-date-wrote-text\"> schrieb am<\/span><span class=\"gb-date-text\"> 11. M\u00e4rz 2021<\/span>\n\t\t\t\t\t\t\t<\/span>\n\t\t\t\t\t\t<\/span> \n\t\t\t\t\t<\/div>\n\t\t\t\t\t<div class=\"gb-entry-content\">asdas\n\t\t\t\t\t<\/div>\n\t\t\t\t<\/article>\n\t\t\t<\/div>\n\t\t\t<div class=\"gb-entry gb-entry_14 gb-entry-count_7 gwolle-gb-uneven\" id=\"gb-entry_14\" data-entry_id=\"14\">\n\t\t\t\t<article>\n\t\t\t\t\t<div class=\"gb-author-info\">\n\t\t\t\t\t\t<span class=\"gb-author-name\">ASDASDSADASDAS\n\t\t\t\t\t\t<\/span>\n\t\t\t\t\t\t<span class=\"gb-datetime\">\n\t\t\t\t\t\t\t<span class=\"gb-date\"><span class=\"gb-date-wrote-text\"> schrieb am<\/span><span class=\"gb-date-text\"> 6. M\u00e4rz 2021<\/span>\n\t\t\t\t\t\t\t<\/span>\n\t\t\t\t\t\t<\/span> \n\t\t\t\t\t<\/div>\n\t\t\t\t\t<div class=\"gb-entry-content\">DASDASD\n\t\t\t\t\t<\/div>\n\t\t\t\t<\/article>\n\t\t\t<\/div>\n\t\t\t<div class=\"gb-entry gb-entry_13 gb-entry-count_8 gwolle-gb-even\" id=\"gb-entry_13\" data-entry_id=\"13\">\n\t\t\t\t<article>\n\t\t\t\t\t<div class=\"gb-author-info\">\n\t\t\t\t\t\t<span class=\"gb-author-name\">Rene\n\t\t\t\t\t\t<\/span>\n\t\t\t\t\t\t<span class=\"gb-datetime\">\n\t\t\t\t\t\t\t<span class=\"gb-date\"><span class=\"gb-date-wrote-text\"> schrieb am<\/span><span class=\"gb-date-text\"> 11. November 2019<\/span>\n\t\t\t\t\t\t\t<\/span>\n\t\t\t\t\t\t<\/span> \n\t\t\t\t\t<\/div>\n\t\t\t\t\t<div class=\"gb-entry-content\">Wir waren am Freitag zur Premiere eures neuen St\u00fcckes. Das war das erste Mal bei euch. Es hat uns richtig gut gefallen! Tolle Darsteller, tolles St\u00fcck! Danke f\u00fcr die super Unterhaltung! Wir kommen gerne wieder!<br \/>\nViele Gr\u00fc\u00dfe!\n\t\t\t\t\t<\/div>\n\t\t\t\t<\/article>\n\t\t\t<\/div>\n\t\t\t<div class=\"gb-entry gb-entry_12 gb-entry-count_9 gwolle-gb-uneven\" id=\"gb-entry_12\" data-entry_id=\"12\">\n\t\t\t\t<article>\n\t\t\t\t\t<div class=\"gb-author-info\">\n\t\t\t\t\t\t<span class=\"gb-author-name\">Regina\n\t\t\t\t\t\t<\/span>\n\t\t\t\t\t\t<span class=\"gb-datetime\">\n\t\t\t\t\t\t\t<span class=\"gb-date\"><span class=\"gb-date-wrote-text\"> schrieb am<\/span><span class=\"gb-date-text\"> 9. November 2019<\/span>\n\t\t\t\t\t\t\t<\/span>\n\t\t\t\t\t\t<\/span> \n\t\t\t\t\t<\/div>\n\t\t\t\t\t<div class=\"gb-entry-content\">Liebe B\u00fchne es hat uns wieder gut gefallen ihr ward wie immer super. Vor allem die Susi sie kann wirklich alles spielen. Eure neue Spielst\u00e4tte gef\u00e4llt uns auch gut. Viele Gr\u00fc\u00dfe eure Fans bis n\u00e4chstes Jahr.\n\t\t\t\t\t<\/div>\n\t\t\t\t<\/article>\n\t\t\t<\/div>\n\t\t\t<div class=\"gb-entry gb-entry_11 gb-entry-count_10 gwolle-gb-even\" id=\"gb-entry_11\" data-entry_id=\"11\">\n\t\t\t\t<article>\n\t\t\t\t\t<div class=\"gb-author-info\">\n\t\t\t\t\t\t<span class=\"gb-author-name\">Fanclub Troisdorf\n\t\t\t\t\t\t<\/span>\n\t\t\t\t\t\t<span class=\"gb-datetime\">\n\t\t\t\t\t\t\t<span class=\"gb-date\"><span class=\"gb-date-wrote-text\"> schrieb am<\/span><span class=\"gb-date-text\"> 31. Januar 2019<\/span>\n\t\t\t\t\t\t\t<\/span>\n\t\t\t\t\t\t<\/span> \n\t\t\t\t\t<\/div>\n\t\t\t\t\t<div class=\"gb-entry-content\">Hallo Ihr Lieben,<br \/>\ndas war mal wieder super- und die Anreise lohnt sich jedes Mal-<br \/>\nich hatte eine Freundin aus Troisdorf mitgenommen,<br \/>\nder ich von den tollen bayrischen Schw\u00e4nken vorgeschw\u00e4rmt hatte.<br \/>\nDiesmal ja eher ein bisschen frivol aber sehr zum lachen - alle Rollen super besetzt von der Puffmutter bis zum Direktor Sauerberg-<br \/>\nGanz uneigenn\u00fctzig w\u00fcnsche ich mir, dass Ihr eine neue B\u00fchne findet-<br \/>\ndamit wir n\u00e4chstes Jahr wiederkommen k\u00f6nnen.<br \/>\nIch dr\u00fccke die Daumen .<br \/>\nLiebe Gr\u00fc\u00dfe und Alaaf aus K\u00f6lle\n\t\t\t\t\t<\/div>\n\t\t\t\t<\/article>\n\t\t\t<\/div>\n\t\t\t<div class=\"gb-entry gb-entry_10 gb-entry-count_11 gwolle-gb-uneven\" id=\"gb-entry_10\" data-entry_id=\"10\">\n\t\t\t\t<article>\n\t\t\t\t\t<div class=\"gb-author-info\">\n\t\t\t\t\t\t<span class=\"gb-author-name\">Regina\n\t\t\t\t\t\t<\/span>\n\t\t\t\t\t\t<span class=\"gb-datetime\">\n\t\t\t\t\t\t\t<span class=\"gb-date\"><span class=\"gb-date-wrote-text\"> schrieb am<\/span><span class=\"gb-date-text\"> 18. November 2018<\/span>\n\t\t\t\t\t\t\t<\/span>\n\t\t\t\t\t\t<\/span> \n\t\t\t\t\t<\/div>\n\t\t\t\t\t<div class=\"gb-entry-content\">Hallo liebe B\u00fchne Ihr habt uns wieder k\u00f6stlich unterhalten.Daf\u00fcr habt Ihr wohl einen Erotikshop leergekauft. Euch f\u00e4llt immer wieder was Neues ein.Das war ein  Augenschmaus nicht nur f\u00fcr die M\u00e4nner, ein heisses St\u00fcck.Danke daf\u00fcr. Jetzt w\u00fcnschen wir Euch viel Gl\u00fcck auf der Suche nach einem neuen Spielort.Liebe Gr\u00fcsse Eure treuen Fans.\n\t\t\t\t\t<\/div>\n\t\t\t\t<\/article>\n\t\t\t<\/div>\n\t\t\t<div class=\"gb-entry gb-entry_7 gb-entry-count_12 gwolle-gb-even admin-entry\" id=\"gb-entry_7\" data-entry_id=\"7\">\n\t\t\t\t<article>\n\t\t\t\t\t<div class=\"gb-author-info\">\n\t\t\t\t\t\t<span class=\"gb-author-name\"><i class=\"gb-moderator\">webadmin<\/i>\n\t\t\t\t\t\t<\/span>\n\t\t\t\t\t\t<span class=\"gb-datetime\">\n\t\t\t\t\t\t\t<span class=\"gb-date\"><span class=\"gb-date-wrote-text\"> schrieb am<\/span><span class=\"gb-date-text\"> 27. Mai 2018<\/span>\n\t\t\t\t\t\t\t<\/span>\n\t\t\t\t\t\t<\/span> \n\t\t\t\t\t<\/div>\n\t\t\t\t\t<div class=\"gb-entry-content\">Liebe Freunde, <br \/>\r\n<br \/>\r\nim Rahmen der Umsetzung der EU-DSGVO (Europ\u00e4ische Datenschutzgrundverordnung) haben wir die Namen der Autoren bisheriger G\u00e4stebucheintr\u00e4ge entfernt. Bei neuen G\u00e4stebucheintr\u00e4gen muss zuk\u00fcnftig der Ver\u00f6ffentlichung des Namens \u00fcber dem Eintrag explizit zugestimmt werden.<br \/>\r\n<br \/>\r\nWenn es die Autoren bisheriger G\u00e4stebucheintr\u00e4ge w\u00fcnschen, werden wir Ihre Namen gerne wieder einf\u00fcgen. Schreibt uns dazu einfach eine Nachricht \u00fcber unser Kontaktformular. <br \/>\r\n<br \/>\r\nWir hoffen, dass der kleine Mehraufwand Euch nicht davon abh\u00e4lt, auch in Zukunft in unser G\u00e4stebuch zu schreiben, wie es Euch bei uns gefallen hat.<br \/>\r\n<br \/>\r\nWir freuen uns schon darauf, Euch auch dieses Jahr wieder zum lachen zu bringen. <br \/>\r\n<br \/>\r\nEure Milbertshofener B\u00fchne\n\t\t\t\t\t<\/div>\n\t\t\t\t<\/article>\n\t\t\t<\/div>\n\t\t\t<div class=\"gb-entry gb-entry_6 gb-entry-count_13 gwolle-gb-uneven\" id=\"gb-entry_6\" data-entry_id=\"6\">\n\t\t\t\t<article>\n\t\t\t\t\t<div class=\"gb-author-info\">\n\t\t\t\t\t\t<span class=\"gb-author-name\">Anonym\n\t\t\t\t\t\t<\/span>\n\t\t\t\t\t\t<span class=\"gb-datetime\">\n\t\t\t\t\t\t\t<span class=\"gb-date\"><span class=\"gb-date-wrote-text\"> schrieb am<\/span><span class=\"gb-date-text\"> 17. November 2017<\/span>\n\t\t\t\t\t\t\t<\/span>\n\t\t\t\t\t\t<\/span> \n\t\t\t\t\t<\/div>\n\t\t\t\t\t<div class=\"gb-entry-content\">PS: eine sehr sch\u00f6ne Homepage \u00fcbrigens - da kommen einem beim Durchschauen der Bilder wieder die Erinnerungen und ich habe bei manchen Bildern wieder herzlich lachen m\u00fcssen.\n\t\t\t\t\t<\/div>\n\t\t\t\t<\/article>\n\t\t\t<\/div>\n\t\t\t<div class=\"gb-entry gb-entry_5 gb-entry-count_14 gwolle-gb-even\" id=\"gb-entry_5\" data-entry_id=\"5\">\n\t\t\t\t<article>\n\t\t\t\t\t<div class=\"gb-author-info\">\n\t\t\t\t\t\t<span class=\"gb-author-name\">Anonym\n\t\t\t\t\t\t<\/span>\n\t\t\t\t\t\t<span class=\"gb-datetime\">\n\t\t\t\t\t\t\t<span class=\"gb-date\"><span class=\"gb-date-wrote-text\"> schrieb am<\/span><span class=\"gb-date-text\"> 17. November 2017<\/span>\n\t\t\t\t\t\t\t<\/span>\n\t\t\t\t\t\t<\/span> \n\t\t\t\t\t<\/div>\n\t\t\t\t\t<div class=\"gb-entry-content\">Hallo liebes Team von der Milbertshofener B\u00fchne,<br \/>\r\nwir haben von Helmut schon geh\u00f6rt, da\u00df das neue St\u00fcck sehr<br \/>\r\nsch\u00f6n ist und Ihr, wie nicht anders erwartet wieder toll spielt.<br \/>\r\nDieses Jahr k\u00f6nnen wir leider nicht kommen-hoffentlich bekommen wir ein paar Bilder zu sehen. Ganz viel Spa\u00df bei Euren restlichen Auff\u00fchrungen und keine Krankheitsausf\u00e4lle mehr- toi,toi, toi<br \/>\r\nund ganz liebe Gr\u00fc\u00dfe nach M\u00fcnchen<br \/>\r\nIrmgard, Ursula und Detlef\n\t\t\t\t\t<\/div>\n\t\t\t\t<\/article>\n\t\t\t<\/div>\n\t\t\t<div class=\"gb-entry gb-entry_4 gb-entry-count_15 gwolle-gb-uneven\" id=\"gb-entry_4\" data-entry_id=\"4\">\n\t\t\t\t<article>\n\t\t\t\t\t<div class=\"gb-author-info\">\n\t\t\t\t\t\t<span class=\"gb-author-name\">Anonym\n\t\t\t\t\t\t<\/span>\n\t\t\t\t\t\t<span class=\"gb-datetime\">\n\t\t\t\t\t\t\t<span class=\"gb-date\"><span class=\"gb-date-wrote-text\"> schrieb am<\/span><span class=\"gb-date-text\"> 11. November 2017<\/span>\n\t\t\t\t\t\t\t<\/span>\n\t\t\t\t\t\t<\/span> \n\t\t\t\t\t<\/div>\n\t\t\t\t\t<div class=\"gb-entry-content\">Liebe Mitwirkende der Milbertshofener B\u00fchne! <br \/>\r\nGestern Abend bei der Premiere waren wir wieder wie die letzten 8Jahre dabei .<br \/>\r\nEs ist unglaublich, wie  IHR uns jedes Jahr wieder mit euerer Darbietung erstaunt. Das IHR Spa\u00df beim spielen habt, das sieht man ?Wir hatten uns auch k\u00f6stlich am\u00fcsiert ???<br \/>\r\nEs ist jedesmal eine gro\u00dfe Freude EUCH  zuzusehen ?IHR legt so richtig euer Herzblut rein. <br \/>\r\nWir bedanken uns noch mal f\u00fcr den sch\u00f6nen Abend und freuen uns schon aufs n\u00e4chste mal! !!\n\t\t\t\t\t<\/div>\n\t\t\t\t<\/article>\n\t\t\t<\/div>\n\t\t\t<div class=\"gb-entry gb-entry_3 gb-entry-count_16 gwolle-gb-even\" id=\"gb-entry_3\" data-entry_id=\"3\">\n\t\t\t\t<article>\n\t\t\t\t\t<div class=\"gb-author-info\">\n\t\t\t\t\t\t<span class=\"gb-author-name\">Anonym\n\t\t\t\t\t\t<\/span>\n\t\t\t\t\t\t<span class=\"gb-datetime\">\n\t\t\t\t\t\t\t<span class=\"gb-date\"><span class=\"gb-date-wrote-text\"> schrieb am<\/span><span class=\"gb-date-text\"> 11. November 2017<\/span>\n\t\t\t\t\t\t\t<\/span>\n\t\t\t\t\t\t<\/span> \n\t\t\t\t\t<\/div>\n\t\t\t\t\t<div class=\"gb-entry-content\">Hallo liebe Buehne Ihr ward wieder grossartig. Wir haben uns k\u00f6stlich am\u00fcsiert. Ihr legt immer noch einen drauf. Das mit dem Syncronsprecher war eher lustig man muss halt improvisieren k\u00f6nnen und das habt Ihr gut hingekriegt. Wir w\u00fcnschen dem Stephan gute Besserung, dass  er bald wieder gut bei Stimme ist. Wir freuen uns schon auf n\u00e4chstes Jahr. Liebe Gr\u00fc\u00dfe  von uns allen.\n\t\t\t\t\t<\/div>\n\t\t\t\t<\/article>\n\t\t\t<\/div>\n\t\t\t<div class=\"gb-entry gb-entry_2 gb-entry-count_17 gwolle-gb-uneven\" id=\"gb-entry_2\" data-entry_id=\"2\">\n\t\t\t\t<article>\n\t\t\t\t\t<div class=\"gb-author-info\">\n\t\t\t\t\t\t<span class=\"gb-author-name\">Anonym\n\t\t\t\t\t\t<\/span>\n\t\t\t\t\t\t<span class=\"gb-datetime\">\n\t\t\t\t\t\t\t<span class=\"gb-date\"><span class=\"gb-date-wrote-text\"> schrieb am<\/span><span class=\"gb-date-text\"> 23. September 2017<\/span>\n\t\t\t\t\t\t\t<\/span>\n\t\t\t\t\t\t<\/span> \n\t\t\t\t\t<\/div>\n\t\t\t\t\t<div class=\"gb-entry-content\">Hallo Liebe Freunde der Milbertshofener B\u00fchne M\u00fcnchen e.V. <br \/>\r\nIm 35. Jahr Theaterspiel auf unserer  B\u00fchne, macht es mir immer noch sehr viel Spa\u00df. Der B\u00fchnenbau und die Proben haben bereits begonnen. Die Gaudi, die wir bei den Proben haben, ist nicht zu beschreiben. Ich freue mich schon jetzt auf November, wenn die Auff\u00fchrungen losgehen. Ich hoffe das Ihr als Zuschauer bei einer unserer Auff\u00fchrungen auch soviel Spa\u00df habt, wie wir schon jetzt im Vorfeld haben. Unser diesj\u00e4hriges St\u00fcck &#034;Gspenstermacher&#034; wird euch bestimmt zum Lachen bringen. <br \/>\r\nServus bis November Euer Spielleiter Stephan Henneberger\n\t\t\t\t\t<\/div>\n\t\t\t\t<\/article>\n\t\t\t<\/div>\n\t\t\t<div class=\"gb-entry gb-entry_1 gb-entry-count_18 gwolle-gb-even\" id=\"gb-entry_1\" data-entry_id=\"1\">\n\t\t\t\t<article>\n\t\t\t\t\t<div class=\"gb-author-info\">\n\t\t\t\t\t\t<span class=\"gb-author-name\">Markus Clarin\n\t\t\t\t\t\t<\/span>\n\t\t\t\t\t\t<span class=\"gb-datetime\">\n\t\t\t\t\t\t\t<span class=\"gb-date\"><span class=\"gb-date-wrote-text\"> schrieb am<\/span><span class=\"gb-date-text\"> 16. Juli 2017<\/span>\n\t\t\t\t\t\t\t<\/span>\n\t\t\t\t\t\t<\/span> \n\t\t\t\t\t<\/div>\n\t\t\t\t\t<div class=\"gb-entry-content\">Liebe G\u00e4ste und Freunde der Milbertshofener B\u00fchne, <br \/>\r\nich freue mich, Euch unsere neue, verbesserte Homepage zur Verf\u00fcgung zu stellen, auf denen alle Informationen rund um unseren Verein und unsere Theaterst\u00fccke noch leichter zu finden sind. Und das jetzt auch auf dem Smartphone oder Tablet. Wir haben auch ein neues, eigenes G\u00e4stebuch, in dem Ihr uns schreiben k\u00f6nnt, wie euch unsere St\u00fccke gefallen haben. <br \/>\r\nIch will hier einfach Mal den Anfang machen, und schreiben, wie viel Spa\u00df es uns macht, jedes Jahr ein Theaterst\u00fcck auf die B\u00fchne zu bringen, damit Ihr einen sch\u00f6nen und vergn\u00fcglichen Abend bei uns verbringen k\u00f6nnt. Wir freuen uns schon wieder auf das n\u00e4chste St\u00fcck. Infos dazu findet Ihr unter Auff\u00fchrungen\/aktuelles St\u00fcck. Wir freuen uns auf Euch!\n\t\t\t\t\t<\/div>\n\t\t\t\t<\/article>\n\t\t\t<\/div>\n\t\t\t<\/div><\/div>\n","protected":false},"excerpt":{"rendered":"","protected":false},"author":1,"featured_media":0,"parent":0,"menu_order":0,"comment_status":"closed","ping_status":"closed","template":"","meta":{"footnotes":""},"class_list":["post-23","page","type-page","status-publish","hentry"],"_links":{"self":[{"href":"https:\/\/www.milbertshofener-buehne.de\/index.php?rest_route=\/wp\/v2\/pages\/23","targetHints":{"allow":["GET"]}}],"collection":[{"href":"https:\/\/www.milbertshofener-buehne.de\/index.php?rest_route=\/wp\/v2\/pages"}],"about":[{"href":"https:\/\/www.milbertshofener-buehne.de\/index.php?rest_route=\/wp\/v2\/types\/page"}],"author":[{"embeddable":true,"href":"https:\/\/www.milbertshofener-buehne.de\/index.php?rest_route=\/wp\/v2\/users\/1"}],"replies":[{"embeddable":true,"href":"https:\/\/www.milbertshofener-buehne.de\/index.php?rest_route=%2Fwp%2Fv2%2Fcomments&post=23"}],"version-history":[{"count":3,"href":"https:\/\/www.milbertshofener-buehne.de\/index.php?rest_route=\/wp\/v2\/pages\/23\/revisions"}],"predecessor-version":[{"id":134,"href":"https:\/\/www.milbertshofener-buehne.de\/index.php?rest_route=\/wp\/v2\/pages\/23\/revisions\/134"}],"wp:attachment":[{"href":"https:\/\/www.milbertshofener-buehne.de\/index.php?rest_route=%2Fwp%2Fv2%2Fmedia&parent=23"}],"curies":[{"name":"wp","href":"https:\/\/api.w.org\/{rel}","templated":true}]}}