{"id":24,"date":"2017-07-14T16:17:09","date_gmt":"2017-07-14T14:17:09","guid":{"rendered":"http:\/\/cms.milbertshofener-buehne.de\/?page_id=24"},"modified":"2020-04-14T20:14:09","modified_gmt":"2020-04-14T18:14:09","slug":"impressum","status":"publish","type":"page","link":"https:\/\/www.milbertshofener-buehne.de\/?page_id=24","title":{"rendered":"Impressum"},"content":{"rendered":"<p>Verantwortlich im Sinne des Medienrechts: <em>Markus Kirner<\/em><\/p>\n<p>Kontaktadresse:<br \/>\nAlbert-Schweitzer-Stra\u00dfe 10<br \/>\n85375 Neufahrn b. Freising<\/p>\n<p>Email: <a href=\"http:\/\/cms.milbertshofener-buehne.de\/?page_id=66\">info[at]milbertshofener-buehne.de<\/a><\/p>\n<p>Grafiken: <em>Milbertshofner B\u00fchne M\u00fcnchen e.V.<\/em><br \/>\nFotos: <em>Milbertshofener B\u00fchne M\u00fcnchen e.V.<\/em><\/p>\n<p>Webseitenbetreuung &amp; inhaltliche Pflege: <em>Marcus &amp; Tanja Steiner<br \/>\n<\/em><\/p>\n","protected":false},"excerpt":{"rendered":"<p>Verantwortlich im Sinne des Medienrechts: Markus Kirner Kontaktadresse: Albert-Schweitzer-Stra\u00dfe 10 85375 Neufahrn b. Freising Email: info[at]milbertshofener-buehne.de Grafiken: Milbertshofner B\u00fchne M\u00fcnchen e.V. Fotos: Milbertshofener B\u00fchne M\u00fcnchen e.V. Webseitenbetreuung &amp; inhaltliche Pflege: Marcus &amp; Tanja Steiner<\/p>\n","protected":false},"author":1,"featured_media":0,"parent":0,"menu_order":0,"comment_status":"closed","ping_status":"closed","template":"","meta":{"footnotes":""},"class_list":["post-24","page","type-page","status-publish","hentry"],"_links":{"self":[{"href":"https:\/\/www.milbertshofener-buehne.de\/index.php?rest_route=\/wp\/v2\/pages\/24","targetHints":{"allow":["GET"]}}],"collection":[{"href":"https:\/\/www.milbertshofener-buehne.de\/index.php?rest_route=\/wp\/v2\/pages"}],"about":[{"href":"https:\/\/www.milbertshofener-buehne.de\/index.php?rest_route=\/wp\/v2\/types\/page"}],"author":[{"embeddable":true,"href":"https:\/\/www.milbertshofener-buehne.de\/index.php?rest_route=\/wp\/v2\/users\/1"}],"replies":[{"embeddable":true,"href":"https:\/\/www.milbertshofener-buehne.de\/index.php?rest_route=%2Fwp%2Fv2%2Fcomments&post=24"}],"version-history":[{"count":9,"href":"https:\/\/www.milbertshofener-buehne.de\/index.php?rest_route=\/wp\/v2\/pages\/24\/revisions"}],"predecessor-version":[{"id":3021,"href":"https:\/\/www.milbertshofener-buehne.de\/index.php?rest_route=\/wp\/v2\/pages\/24\/revisions\/3021"}],"wp:attachment":[{"href":"https:\/\/www.milbertshofener-buehne.de\/index.php?rest_route=%2Fwp%2Fv2%2Fmedia&parent=24"}],"curies":[{"name":"wp","href":"https:\/\/api.w.org\/{rel}","templated":true}]}}