{"id":2772,"date":"2018-05-27T14:00:16","date_gmt":"2018-05-27T12:00:16","guid":{"rendered":"http:\/\/www.milbertshofener-buehne.de\/?page_id=2772"},"modified":"2018-05-27T15:25:44","modified_gmt":"2018-05-27T13:25:44","slug":"datenschutzerklaerung","status":"publish","type":"page","link":"https:\/\/www.milbertshofener-buehne.de\/?page_id=2772","title":{"rendered":"Datenschutzerkl\u00e4rung"},"content":{"rendered":"<h2>Wer wir sind<\/h2>\n<p>Milbertshofener B\u00fchne M\u00fcnchen e.V.<\/p>\n<p>Die Adresse unserer Website ist: https:\/\/www.milbertshofener-buehne.de.<\/p>\n<h2>Datenschutz<\/h2>\n<p>Der Verein Milbertshofener B\u00fchne M\u00fcnchen e.V. nimmt den Schutz personenbezogener Daten seiner Mitglieder und seiner Partner ernst; er hat durch technische und organisatorische Ma\u00dfnahmen sichergestellt, dass die gesetzlichen Vorschriften \u00fcber den Datenschutz sowohl von ihm als auch von externen Dienstleistern beachtet und eingehalten werden. Die Beachtung dieser Verpflichtung wird vom Verein regelm\u00e4\u00dfig kontrolliert.<\/p>\n<p>Die Erhebung, Verarbeitung, Nutzung und Weitergabe von Daten erfolgt zum einen mit Einverst\u00e4ndnis des Dateninhabers, andererseits ausschlie\u00dflich zum Zweck der Erf\u00fcllung der Pflichten des Vereins. Die Weitergabe an Dritte erfolgt nur aus zwingenden Gr\u00fcnden und im Interesse des Vereins. Das betroffene Vereinsmitglied hat jederzeit die M\u00f6glichkeit, sich \u00fcber die Verwendung und den Verbleib seiner gesch\u00fctzten Daten zu informieren; das Mitglied hat Anspruch auf Dokumentation der Einhaltung datenschutzrechtlicher Bestimmungen in Bezug auf es. Es hat das Recht, jederzeit eine erteilte Einwilligung zu widerrufen und die L\u00f6schung seiner Daten zu verlangen, Art. 17 DS-GVO. Partner des Vereins und Dritte werden durch die Einhaltung der Datenschutzbestimmungen durch die Verantwortlichen des Vereins in gleicher Weise gesch\u00fctzt.<\/p>\n<p>Es findet kein Verkauf oder keine unentgeltliche Weitergabe von Daten Dritter oder Partner des Vereins statt, es sei denn, es l\u00e4ge eine entsprechende Einwilligung vor.<\/p>\n<p>Bei der Einschaltung externer Dienstleister, denen personenbezogene Daten zur Verf\u00fcgung gestellt werden m\u00fcssen, ist durch Abschluss eines entsprechenden Vertrages sichergestellt, dass die Datenschutzbestimmungen in gleicher Weise auch vom beauftragten Unternehmen eingehalten werden.<\/p>\n<p>Im Fall des Widerrufs oder der Anzeige von falsch erhobenen Daten werden diese sofort gel\u00f6scht, Art. 21, 18 DS-GVO. Auf das Beschwerderecht bei einer Datenschutzaufsichtsbeh\u00f6rde (Art. 77 DS-GVO i. V. m. \u00a7 19 BDSG) wird ausdr\u00fccklich hingewiesen.<\/p>\n<p>F\u00fcr uns zust\u00e4ndig ist das Bayerisches Landesamt f\u00fcr Datenschutzaufsicht (BayLDA), Promenade 27, 91522 Ansbach.<\/p>\n<p>F\u00fcr Datenschutz und Datenverarbeitung in unserem Verein Verantwortlicher: (Markus Kirner, Milbertshofener Str. 11b, 80807 M\u00fcnchen)<\/p>\n<p>&nbsp;<\/p>\n<h3>Welche personenbezogenen Daten wir sammeln und warum wir sie sammeln<\/h3>\n<p>Wir m\u00f6chten Ihnen gerne so transparent wie m\u00f6glich erkl\u00e4ren, welche personenbezogenen Daten wir \u00fcber Sie sammeln (nat\u00fcrlich nur, wenn Sie sie uns zur Verf\u00fcgung stellen) und wof\u00fcr wir sie verwenden. Sie haben das Recht, jederzeit zu Erfragen, welche Daten wir von Ihnen gespeichert haben und wof\u00fcr wir sie verwenden, und die Korrektur oder L\u00f6schung Ihrer Daten zu verlangen, Art. 17 DS-GVO. <em>Dies umfasst nicht die Daten, die wir aufgrund rechtlicher oder sicherheitsrelevanter Notwendigkeiten aufbewahren m\u00fcssen.<\/em> Bitte verwenden Sie unser Kontaktformular, um uns eine entsprechende Anfrage zukommen zu lassen.<\/p>\n<h4>Kontaktformular<\/h4>\n<p class=\"privacy-policy-tutorial\">Wenn Sie uns eine Nachricht \u00fcber unser Kontaktformular schicken, werden die im Formular eingegebenen Daten (Vorname, Nachname, E-Mail-Adresse) per Email an uns gesendet. Diese Daten speichern wir nur zum Zwecke der Kontaktaufnahme und f\u00fcr die Dauer der gegenseitigen Kommunikation. Die Daten werden ohne Ihre ausdr\u00fcckliche Zustimmung f\u00fcr keine anderen Zwecke verwendet und nie an Dritte weitergegeben oder ver\u00f6ffentlicht.<\/p>\n<h4>G\u00e4stebuch<\/h4>\n<p>Wenn Sie einen neuen Eintrag in unserem G\u00e4stebuch schreiben, werden die im Formular eingegebenen Daten (Name) gespeichert und \u00fcber Ihrem Eintrag im G\u00e4stebuch ver\u00f6ffentlicht.<\/p>\n<h4>Newsletter<\/h4>\n<p>Wenn Sie unseren Newsletter abonnieren, speichern wir Ihre E-Mail-Adresse, um Ihnen einmal im Jahr\u00a0einen Newsletter zu schicken, in dem wir Sie \u00fcber das aktuelle St\u00fcck, die Auff\u00fchrungstermine und die Kartenreservierung informieren. Ihre E-mail-Adresse wird f\u00fcr keine anderen Zwecke verwendet und nie an Dritte weitergegeben oder ver\u00f6ffentlicht.<\/p>\n","protected":false},"excerpt":{"rendered":"<p>Wer wir sind Milbertshofener B\u00fchne M\u00fcnchen e.V. Die Adresse unserer Website ist: https:\/\/www.milbertshofener-buehne.de. Datenschutz Der Verein Milbertshofener B\u00fchne M\u00fcnchen e.V. nimmt den Schutz personenbezogener Daten seiner Mitglieder und seiner Partner ernst; er hat durch technische und organisatorische Ma\u00dfnahmen sichergestellt, dass die gesetzlichen Vorschriften \u00fcber den Datenschutz sowohl von ihm als auch von externen Dienstleistern beachtet [&hellip;]<\/p>\n","protected":false},"author":1,"featured_media":0,"parent":0,"menu_order":0,"comment_status":"closed","ping_status":"closed","template":"","meta":{"footnotes":""},"class_list":["post-2772","page","type-page","status-publish","hentry"],"_links":{"self":[{"href":"https:\/\/www.milbertshofener-buehne.de\/index.php?rest_route=\/wp\/v2\/pages\/2772","targetHints":{"allow":["GET"]}}],"collection":[{"href":"https:\/\/www.milbertshofener-buehne.de\/index.php?rest_route=\/wp\/v2\/pages"}],"about":[{"href":"https:\/\/www.milbertshofener-buehne.de\/index.php?rest_route=\/wp\/v2\/types\/page"}],"author":[{"embeddable":true,"href":"https:\/\/www.milbertshofener-buehne.de\/index.php?rest_route=\/wp\/v2\/users\/1"}],"replies":[{"embeddable":true,"href":"https:\/\/www.milbertshofener-buehne.de\/index.php?rest_route=%2Fwp%2Fv2%2Fcomments&post=2772"}],"version-history":[{"count":8,"href":"https:\/\/www.milbertshofener-buehne.de\/index.php?rest_route=\/wp\/v2\/pages\/2772\/revisions"}],"predecessor-version":[{"id":2784,"href":"https:\/\/www.milbertshofener-buehne.de\/index.php?rest_route=\/wp\/v2\/pages\/2772\/revisions\/2784"}],"wp:attachment":[{"href":"https:\/\/www.milbertshofener-buehne.de\/index.php?rest_route=%2Fwp%2Fv2%2Fmedia&parent=2772"}],"curies":[{"name":"wp","href":"https:\/\/api.w.org\/{rel}","templated":true}]}}