{"id":41,"date":"2023-10-04T22:00:49","date_gmt":"2023-10-04T20:00:49","guid":{"rendered":"http:\/\/cms.milbertshofener-buehne.de\/?page_id=41"},"modified":"2025-10-01T18:40:06","modified_gmt":"2025-10-01T16:40:06","slug":"tickets","status":"publish","type":"page","link":"https:\/\/www.milbertshofener-buehne.de\/?page_id=41","title":{"rendered":"Kartenreservierung"},"content":{"rendered":"<h1 style=\"text-align: center;\"><span style=\"color: #ff0000;\">ab 14.10.2025<\/span><\/h1>\n<h1 style=\"text-align: center;\"><span style=\"color: #ff0000;\">Dienstag bis Donnerstag<\/span><\/h1>\n<h1 style=\"text-align: center;\"><span style=\"color: #ff0000;\">18:00 &#8211; 21:00 Uhr<\/span><\/h1>\n<p>&nbsp;<\/p>\n<p>Wir bitten um Ihr Verst\u00e4ndnis, dass Kartenreservierungen <strong>nur telefonisch<\/strong>\u00a0und nur w\u00e4hrend dieser Zeiten angenommen werden. Wir bitten Sie daher, von Reservierungsanfragen per Email oder im G\u00e4stebuch abzusehen, da diese nicht ber\u00fccksichtigt werden.<\/p>\n<p>&nbsp;<\/p>\n<h1 style=\"text-align: center;\">Kartentelefon:<\/h1>\n<h1 style=\"text-align: center;\"><strong><b>089 &#8211; 740\u00a0299\u00a060<\/b><\/strong><\/h1>\n<h4><\/h4>\n<p>&nbsp;<\/p>\n<h4 style=\"text-align: center;\">Auff\u00fchrungstermine:<\/h4>\n<p style=\"text-align: center;\">\n<table id=\"tablepress-6\" class=\"tablepress tablepress-id-6\">\n<tbody class=\"row-striping row-hover\">\n<tr class=\"row-1\">\n\t<td class=\"column-1\">Sonntag 02.11.25<\/td><td class=\"column-2\">um 16:00 Uhr<\/td>\n<\/tr>\n<tr class=\"row-2\">\n\t<td class=\"column-1\">Freitag 07.11.25<\/td><td class=\"column-2\">um 19:30 Uhr<\/td>\n<\/tr>\n<tr class=\"row-3\">\n\t<td class=\"column-1\">Samstag 08.11.25<\/td><td class=\"column-2\">um 19:30 Uhr<\/td>\n<\/tr>\n<tr class=\"row-4\">\n\t<td class=\"column-1\">Sonntag 09.11.25<\/td><td class=\"column-2\">um 16:00 Uhr<\/td>\n<\/tr>\n<tr class=\"row-5\">\n\t<td class=\"column-1\">Freitag 14.11.25<\/td><td class=\"column-2\">um 19:30 Uhr<\/td>\n<\/tr>\n<tr class=\"row-6\">\n\t<td class=\"column-1\">Samstag 15.11.25<\/td><td class=\"column-2\">um 19:30 Uhr<\/td>\n<\/tr>\n<\/tbody>\n<\/table>\n<!-- #tablepress-6 from cache --><\/p>\n<p>Einlass\u00a0ist 1\u00a0Stunde\u00a0vor\u00a0Spielbeginn. Vorbestellte Karten sollten bitte <strong>bis 30 min. vor Spielbeginn<\/strong> an der Abendkasse abgeholt werden. Sollten Sie verhindert sein, bitten wir Sie, uns rechtzeitig Bescheid zu geben.<\/p>\n<p>&nbsp;<\/p>\n","protected":false},"excerpt":{"rendered":"<p>ab 14.10.2025 Dienstag bis Donnerstag 18:00 &#8211; 21:00 Uhr &nbsp; Wir bitten um Ihr Verst\u00e4ndnis, dass Kartenreservierungen nur telefonisch\u00a0und nur w\u00e4hrend dieser Zeiten angenommen werden. Wir bitten Sie daher, von Reservierungsanfragen per Email oder im G\u00e4stebuch abzusehen, da diese nicht ber\u00fccksichtigt werden. &nbsp; Kartentelefon: 089 &#8211; 740\u00a0299\u00a060 &nbsp; Auff\u00fchrungstermine: Einlass\u00a0ist 1\u00a0Stunde\u00a0vor\u00a0Spielbeginn. Vorbestellte Karten sollten bitte [&hellip;]<\/p>\n","protected":false},"author":1,"featured_media":0,"parent":0,"menu_order":0,"comment_status":"closed","ping_status":"closed","template":"","meta":{"footnotes":""},"class_list":["post-41","page","type-page","status-publish","hentry"],"_links":{"self":[{"href":"https:\/\/www.milbertshofener-buehne.de\/index.php?rest_route=\/wp\/v2\/pages\/41","targetHints":{"allow":["GET"]}}],"collection":[{"href":"https:\/\/www.milbertshofener-buehne.de\/index.php?rest_route=\/wp\/v2\/pages"}],"about":[{"href":"https:\/\/www.milbertshofener-buehne.de\/index.php?rest_route=\/wp\/v2\/types\/page"}],"author":[{"embeddable":true,"href":"https:\/\/www.milbertshofener-buehne.de\/index.php?rest_route=\/wp\/v2\/users\/1"}],"replies":[{"embeddable":true,"href":"https:\/\/www.milbertshofener-buehne.de\/index.php?rest_route=%2Fwp%2Fv2%2Fcomments&post=41"}],"version-history":[{"count":44,"href":"https:\/\/www.milbertshofener-buehne.de\/index.php?rest_route=\/wp\/v2\/pages\/41\/revisions"}],"predecessor-version":[{"id":3481,"href":"https:\/\/www.milbertshofener-buehne.de\/index.php?rest_route=\/wp\/v2\/pages\/41\/revisions\/3481"}],"wp:attachment":[{"href":"https:\/\/www.milbertshofener-buehne.de\/index.php?rest_route=%2Fwp%2Fv2%2Fmedia&parent=41"}],"curies":[{"name":"wp","href":"https:\/\/api.w.org\/{rel}","templated":true}]}}