

{"id":67,"date":"2017-07-14T16:29:03","date_gmt":"2017-07-14T14:29:03","guid":{"rendered":"http:\/\/cms.milbertshofener-buehne.de\/?page_id=67"},"modified":"2025-08-06T20:35:46","modified_gmt":"2025-08-06T18:35:46","slug":"anfahrt","status":"publish","type":"page","link":"https:\/\/www.milbertshofener-buehne.de\/?page_id=67","title":{"rendered":"Anfahrt"},"content":{"rendered":"<div>Pfarrsaal St. Georg am Milbertshofener Platz 2, 80809 M\u00fcnchen<\/div>\n<div><\/div>\n<div><link rel='stylesheet' id='osm-ol3-css-css' href='https:\/\/www.milbertshofener-buehne.de\/wp-content\/plugins\/osm\/js\/OL\/10.9.0\/ol.css?ver=6.8.5' type='text\/css' media='all' \/>\n<link rel='stylesheet' id='osm-ol3-ext-css-css' href='https:\/\/www.milbertshofener-buehne.de\/wp-content\/plugins\/osm\/css\/osm_map_v3.css?ver=6.8.5' type='text\/css' media='all' \/>\n<link rel='stylesheet' id='osm-map-css-css' href='https:\/\/www.milbertshofener-buehne.de\/wp-content\/plugins\/osm\/css\/osm_map.css?ver=6.8.5' type='text\/css' media='all' \/>\n<script type=\"text\/javascript\" src=\"https:\/\/www.milbertshofener-buehne.de\/wp-includes\/js\/dist\/vendor\/wp-polyfill.min.js?ver=3.15.0\" id=\"wp-polyfill-js\"><\/script>\n<script type=\"text\/javascript\" src=\"https:\/\/www.milbertshofener-buehne.de\/wp-content\/plugins\/osm\/js\/OL\/10.9.0\/ol.js?ver=10.9.0\" id=\"osm-ol3-library-js\"><\/script>\n<script type=\"text\/javascript\" src=\"https:\/\/www.milbertshofener-buehne.de\/wp-content\/plugins\/osm\/js\/osm-v3-plugin-lib.js?ver=1.0.0\" id=\"osm-ol3-ext-library-js\"><\/script>\n<script type=\"text\/javascript\" src=\"https:\/\/www.milbertshofener-buehne.de\/wp-content\/plugins\/osm\/js\/osm-metabox-events.js?ver=1.0.0\" id=\"osm-ol3-metabox-events-js\"><\/script>\n<script type=\"text\/javascript\" src=\"https:\/\/www.milbertshofener-buehne.de\/wp-includes\/js\/jquery\/jquery.min.js?ver=3.7.1\" id=\"jquery-core-js\"><\/script>\n<script type=\"text\/javascript\" src=\"https:\/\/www.milbertshofener-buehne.de\/wp-includes\/js\/jquery\/jquery-migrate.min.js?ver=3.4.1\" id=\"jquery-migrate-js\"><\/script>\n<script type=\"text\/javascript\" id=\"osm-map-startup-js-extra\">\n\/* <![CDATA[ *\/\nvar translations = {\"openlayer\":\"open layer\",\"openlayerAtStartup\":\"open layer at startup\",\"generateLink\":\"link to this map with opened layers\",\"shortDescription\":\"short description\",\"generatedShortCode\":\"to get a text control link paste this code in your wordpress editor\",\"closeLayer\":\"close layer\",\"cantGenerateLink\":\"put this string in the existing map short code to control this map\"};\n\/* ]]> *\/\n<\/script>\n<script type=\"text\/javascript\" src=\"https:\/\/www.milbertshofener-buehne.de\/wp-content\/plugins\/osm\/js\/osm-startup-lib.js?ver=V6.2.5\" id=\"osm-map-startup-js\"><\/script>\n\n        <div id=\"map_ol3js_1\"\n       class=\"osm-map-container undefined\"\n             data-map_name=\"undefined\"\n             data-map=\"map_ol3js_1\"\n             data-autoshow=\"no\"\n             style=\"width:95%;\n                    max-width:100%;\n                    height:450px;\n                    display:block;\n                    overflow:hidden;\n                    border:2px solid grey;\n                    position: relative;\">\n          <div id=\"map_ol3js_1_popup\" class=\"ol-popup\">\n            <a href=\"#\" id=\"map_ol3js_1_popup-closer\" class=\"ol-popup-closer\"><\/a>\n            <div id=\"map_ol3js_1_popup-content\"><\/div>\n          <\/div>\n        <\/div>\n    <script type=\"text\/javascript\">\n\t\t\t  vectorM['map_ol3js_1'] = [];\n\t        \n        var raster = getTileLayer(\"osm\",\"NoKey\");\t\t\t\n\n\t\t\t  var map_ol3js_1 = new ol.Map({\n\t\t\t\tinteractions: ol.interaction.defaults.defaults({mouseWheelZoom:false}),\n\t\t\t\tlayers: [raster],\n\t\t\t\ttarget: \"map_ol3js_1\",\n\t\t\t\tview: new ol.View({\n\t\t\t\t  center: ol.proj.transform([11.5657,48.1857], \"EPSG:4326\", \"EPSG:3857\"),\n\t\t\t\t  zoom: 17.0\n\t\t\t\t})\n\t\t\t  });\n\t\t\t  osm_addMarkerLayer(map_ol3js_1,11.5647,48.1847,\"https:\/\/www.milbertshofener-buehne.de\/wp-content\/plugins\/osm\/icons\/mic_black_theater_10.png\",-16,-41,\"<p>Theater<\/p>\") ; \naddControls2Map(map_ol3js_1,0,0,3,0,5,6,7,0,1);\nosm_addPopupClickhandler(map_ol3js_1,  \"map_ol3js_1\"); \nosm_addMouseHover(map_ol3js_1); <\/script><\/div>\n<p>Bitte beachten Sie, dass <strong>Parkpl\u00e4tze <\/strong>beim<strong> Pfarrsaal der Gemeinde St. Georg sehr begrenzt<\/strong> sind. Deswegen empfehlen wir, weitr\u00e4umig in den umliegenden Stra\u00dfen zu parken, oder am besten \u00f6ffentlich anzureisen.<\/p>\n<h4><span style=\"color: #ff0000;\">Mit \u00f6ffentlichen Verkehrsmitteln<\/span><\/h4>\n<p>Bus Linie 177 Haltestelle Milbertshofener Platz (2 Gehminuten entfernt)<\/p>\n<p>Bus Linie 50\/180 Haltestelle Moosacher Stra\u00dfe (ca. 10 Gehminuten entfernt)<\/p>\n<p>&nbsp;<\/p>\n","protected":false},"excerpt":{"rendered":"<p>Pfarrsaal St. Georg am Milbertshofener Platz 2, 80809 M\u00fcnchen Bitte beachten Sie, dass Parkpl\u00e4tze beim Pfarrsaal der Gemeinde St. Georg sehr begrenzt sind. Deswegen empfehlen wir, weitr\u00e4umig in den umliegenden Stra\u00dfen zu parken, oder am besten \u00f6ffentlich anzureisen. Mit \u00f6ffentlichen Verkehrsmitteln Bus Linie 177 Haltestelle Milbertshofener Platz (2 Gehminuten entfernt) Bus Linie 50\/180 Haltestelle Moosacher [&hellip;]<\/p>\n","protected":false},"author":1,"featured_media":0,"parent":0,"menu_order":0,"comment_status":"closed","ping_status":"closed","template":"","meta":{"footnotes":""},"class_list":["post-67","page","type-page","status-publish","hentry"],"_links":{"self":[{"href":"https:\/\/www.milbertshofener-buehne.de\/index.php?rest_route=\/wp\/v2\/pages\/67","targetHints":{"allow":["GET"]}}],"collection":[{"href":"https:\/\/www.milbertshofener-buehne.de\/index.php?rest_route=\/wp\/v2\/pages"}],"about":[{"href":"https:\/\/www.milbertshofener-buehne.de\/index.php?rest_route=\/wp\/v2\/types\/page"}],"author":[{"embeddable":true,"href":"https:\/\/www.milbertshofener-buehne.de\/index.php?rest_route=\/wp\/v2\/users\/1"}],"replies":[{"embeddable":true,"href":"https:\/\/www.milbertshofener-buehne.de\/index.php?rest_route=%2Fwp%2Fv2%2Fcomments&post=67"}],"version-history":[{"count":20,"href":"https:\/\/www.milbertshofener-buehne.de\/index.php?rest_route=\/wp\/v2\/pages\/67\/revisions"}],"predecessor-version":[{"id":3468,"href":"https:\/\/www.milbertshofener-buehne.de\/index.php?rest_route=\/wp\/v2\/pages\/67\/revisions\/3468"}],"wp:attachment":[{"href":"https:\/\/www.milbertshofener-buehne.de\/index.php?rest_route=%2Fwp%2Fv2%2Fmedia&parent=67"}],"curies":[{"name":"wp","href":"https:\/\/api.w.org\/{rel}","templated":true}]}}